{"id":15042,"date":"2014-05-21T11:16:46","date_gmt":"2014-05-21T11:16:46","guid":{"rendered":"http:\/\/demo.qodeinteractive.com\/bridge31\/?page_id=15042"},"modified":"2025-01-29T10:20:57","modified_gmt":"2025-01-29T10:20:57","slug":"about","status":"publish","type":"page","link":"https:\/\/nordprojekt.ee\/en\/ettevottest\/","title":{"rendered":"About us"},"content":{"rendered":"<div class=\"wpb-content-wrapper\"><div data-q_id=\"#portfolio\"    class=\"vc_row wpb_row section vc_row-fluid  grid_section\" style='background-color:#ffffff; padding-top:60px; padding-bottom:50px; text-align:left;'><div class=\"section_inner clearfix\"><div class='section_inner_margin clearfix'><div class=\"wpb_column vc_column_container vc_col-sm-12\"><div class=\"vc_column-inner\"><div class=\"wpb_wrapper\">\n\t<div class=\"wpb_text_column wpb_content_element  vc_custom_1727175506201\">\n\t\t<div class=\"wpb_wrapper\">\n\t\t\t<h1 style=\"text-align: left; color: #000000; font-weight: 400;\">About us<\/h1>\n\n\t\t<\/div>\n\t<\/div>\n\t<div class=\"wpb_text_column wpb_content_element\">\n\t\t<div class=\"wpb_wrapper\">\n\t\t\t<p style=\"text-align: left; color: #000000;\">Nord Projekt is a leading architecture and engineering firm. We offer top-tier solutions and comprehensive design services that combine creativity, precision, and quality at every stage. Our team consists of 18 specialists who are here to help you bring your ideas to life.<\/p>\n\n\t\t<\/div>\n\t<\/div><\/div><\/div><\/div><\/div><\/div><\/div><div   data-q_id=\"#portfolio\"    class=\"vc_row wpb_row section vc_row-fluid  gridMobile grid_section\" style='background-color:#7b8e9a; padding-top:60px; padding-bottom:60px; text-align:left;'><div class=\"section_inner clearfix\"><div class='section_inner_margin clearfix'><div class=\"wpb_column vc_column_container vc_col-sm-6\"><div class=\"vc_column-inner\"><div class=\"wpb_wrapper\">\n\t<div class=\"wpb_single_image wpb_content_element vc_align_left  element_from_right\"><div style=\"-webkit-animation-delay:0.4s; animation-delay:0.4s; -webkit-transition-delay:0.4s; transition-delay:0.4s\">\n\t\t<div class=\"wpb_wrapper\">\n\t\t\t\n\t\t\t<div class=\"vc_single_image-wrapper   vc_box_border_grey\"><img loading=\"lazy\" decoding=\"async\" width=\"2157\" height=\"1440\" src=\"https:\/\/nordprojekt.ee\/wp-content\/uploads\/2024\/06\/Rumbi4-korterelamu-vaade1-Nord-Projekt-2157x1440-1.jpg\" class=\"vc_single_image-img attachment-full\" alt=\"\" title=\"Rumbi4-korterelamu-vaade1-Nord-Projekt-2157x1440\" srcset=\"https:\/\/nordprojekt.ee\/wp-content\/uploads\/2024\/06\/Rumbi4-korterelamu-vaade1-Nord-Projekt-2157x1440-1.jpg 2157w, https:\/\/nordprojekt.ee\/wp-content\/uploads\/2024\/06\/Rumbi4-korterelamu-vaade1-Nord-Projekt-2157x1440-1-300x200.jpg 300w, https:\/\/nordprojekt.ee\/wp-content\/uploads\/2024\/06\/Rumbi4-korterelamu-vaade1-Nord-Projekt-2157x1440-1-1024x684.jpg 1024w, https:\/\/nordprojekt.ee\/wp-content\/uploads\/2024\/06\/Rumbi4-korterelamu-vaade1-Nord-Projekt-2157x1440-1-768x513.jpg 768w, https:\/\/nordprojekt.ee\/wp-content\/uploads\/2024\/06\/Rumbi4-korterelamu-vaade1-Nord-Projekt-2157x1440-1-1536x1025.jpg 1536w, https:\/\/nordprojekt.ee\/wp-content\/uploads\/2024\/06\/Rumbi4-korterelamu-vaade1-Nord-Projekt-2157x1440-1-2048x1367.jpg 2048w, https:\/\/nordprojekt.ee\/wp-content\/uploads\/2024\/06\/Rumbi4-korterelamu-vaade1-Nord-Projekt-2157x1440-1-700x467.jpg 700w\" sizes=\"auto, (max-width: 2157px) 100vw, 2157px\" \/><\/div>\n\t\t<\/div><\/div>\n\t<\/div>\n<\/div><\/div><\/div><div class=\"alignBlock wpb_column vc_column_container vc_col-sm-6\"><div class=\"vc_column-inner\"><div class=\"wpb_wrapper\">\n\t<div class=\"wpb_text_column wpb_content_element\">\n\t\t<div class=\"wpb_wrapper\">\n\t\t\t<h2 style=\"text-align: left;\">Rationality, creativity, and quality.<\/h2>\n\n\t\t<\/div>\n\t<\/div>\n\t<div class=\"wpb_text_column wpb_content_element  serviceP\">\n\t\t<div class=\"wpb_wrapper\">\n\t\t\t<p>As a design office of the 21st century, we offer full-service solutions that cover the entire work process, from the initial idea on paper to the completed building towering in the cityscape.<\/p>\n\n\t\t<\/div>\n\t<\/div><\/div><\/div><\/div><\/div><\/div><\/div><div   data-q_id=\"#portfolio\"    class=\"vc_row wpb_row section vc_row-fluid  grid_section\" style='background-color:#3b434a; padding-top:60px; padding-bottom:60px; text-align:left;'><div class=\"section_inner clearfix\"><div class='section_inner_margin clearfix'><div class=\"alignBlock wpb_column vc_column_container vc_col-sm-6\"><div class=\"vc_column-inner\"><div class=\"wpb_wrapper\">\n\t<div class=\"wpb_text_column wpb_content_element\">\n\t\t<div class=\"wpb_wrapper\">\n\t\t\t<h2 style=\"text-align: left;\">Shapers of urban space<\/h2>\n\n\t\t<\/div>\n\t<\/div>\n\t<div class=\"wpb_text_column wpb_content_element\">\n\t\t<div class=\"wpb_wrapper\">\n\t\t\t<p>With nearly thirty years of experience and a team of 18 top specialists, we have produced several landmark buildings that define today's urban landscape. Among these are public buildings (such as the KUMU building, Saku Suurhall, and Audentese Sports Hall), commercial properties (Rocca al Mare shopping center, Maxima logistics center, Strand hotel), kindergartens (Kellukese, Meriv\u00e4lja, M\u00e4nniku kindergartens), and residential areas (Suur-J\u00f5ekalda and Padriku residential districts). Additionally, Nord Projekt has extensive experience in the establishment of modern car centers.<\/p>\n\n\t\t<\/div>\n\t<\/div><\/div><\/div><\/div><div class=\"wpb_column vc_column_container vc_col-sm-6\"><div class=\"vc_column-inner\"><div class=\"wpb_wrapper\">\n\t<div class=\"wpb_single_image wpb_content_element vc_align_right  element_from_right\"><div style=\"-webkit-animation-delay:0.4s; animation-delay:0.4s; -webkit-transition-delay:0.4s; transition-delay:0.4s\">\n\t\t<div class=\"wpb_wrapper\">\n\t\t\t\n\t\t\t<div class=\"vc_single_image-wrapper   vc_box_border_grey\"><img loading=\"lazy\" decoding=\"async\" width=\"2048\" height=\"1536\" src=\"https:\/\/nordprojekt.ee\/wp-content\/uploads\/2024\/05\/DJI_0684.jpg\" class=\"vc_single_image-img attachment-full\" alt=\"\" title=\"DJI_0684\" srcset=\"https:\/\/nordprojekt.ee\/wp-content\/uploads\/2024\/05\/DJI_0684.jpg 2048w, https:\/\/nordprojekt.ee\/wp-content\/uploads\/2024\/05\/DJI_0684-300x225.jpg 300w, https:\/\/nordprojekt.ee\/wp-content\/uploads\/2024\/05\/DJI_0684-1024x768.jpg 1024w, https:\/\/nordprojekt.ee\/wp-content\/uploads\/2024\/05\/DJI_0684-768x576.jpg 768w, https:\/\/nordprojekt.ee\/wp-content\/uploads\/2024\/05\/DJI_0684-1536x1152.jpg 1536w, https:\/\/nordprojekt.ee\/wp-content\/uploads\/2024\/05\/DJI_0684-800x600.jpg 800w, https:\/\/nordprojekt.ee\/wp-content\/uploads\/2024\/05\/DJI_0684-700x525.jpg 700w\" sizes=\"auto, (max-width: 2048px) 100vw, 2048px\" \/><\/div>\n\t\t<\/div><\/div>\n\t<\/div>\n<\/div><\/div><\/div><\/div><\/div><\/div><div   data-q_id=\"#portfolio\"    class=\"vc_row wpb_row section vc_row-fluid  gridMobile grid_section\" style='background-color:#7b8e9a; padding-top:60px; padding-bottom:60px; text-align:left;'><div class=\"section_inner clearfix\"><div class='section_inner_margin clearfix'><div class=\"wpb_column vc_column_container vc_col-sm-6\"><div class=\"vc_column-inner\"><div class=\"wpb_wrapper\">\n\t<div class=\"wpb_single_image wpb_content_element vc_align_center  element_from_left\"><div style=\"-webkit-animation-delay:0.2s; animation-delay:0.2s; -webkit-transition-delay:0.2s; transition-delay:0.2s\">\n\t\t<div class=\"wpb_wrapper\">\n\t\t\t\n\t\t\t<div class=\"vc_single_image-wrapper   vc_box_border_grey\"><img loading=\"lazy\" decoding=\"async\" width=\"600\" height=\"400\" src=\"https:\/\/nordprojekt.ee\/wp-content\/uploads\/2024\/05\/tellija-noustamine-esindamine-nordprojekt.webp\" class=\"vc_single_image-img attachment-full\" alt=\"\" title=\"tellija no\u0303ustamine : esindamine nordprojekt\" srcset=\"https:\/\/nordprojekt.ee\/wp-content\/uploads\/2024\/05\/tellija-noustamine-esindamine-nordprojekt.webp 600w, https:\/\/nordprojekt.ee\/wp-content\/uploads\/2024\/05\/tellija-noustamine-esindamine-nordprojekt-300x200.webp 300w\" sizes=\"auto, (max-width: 600px) 100vw, 600px\" \/><\/div>\n\t\t<\/div><\/div>\n\t<\/div>\n<\/div><\/div><\/div><div class=\"wpb_column vc_column_container vc_col-sm-6\"><div class=\"vc_column-inner\"><div class=\"wpb_wrapper\">\n\t<div class=\"wpb_text_column wpb_content_element\">\n\t\t<div class=\"wpb_wrapper\">\n\t\t\t<h2 style=\"text-align: left;\">Comprehensive design partner<\/h2>\n\n\t\t<\/div>\n\t<\/div>\n\t<div class=\"wpb_text_column wpb_content_element\">\n\t\t<div class=\"wpb_wrapper\">\n\t\t\t<p>Our activities encompass three main areas: principal design-project management, architecture, and structures. Over the years, Nord Projekt has established a close network of collaboration with various partner companies. Our mission is to provide clients with convenient all-in-one solutions and to shape an innovative and sustainable urban environment.<\/p>\n\n\t\t<\/div>\n\t<\/div><\/div><\/div><\/div><\/div><\/div><\/div><div   data-q_id=\"#portfolio\"    class=\"vc_row wpb_row section vc_row-fluid  grid_section\" style='background-color:#3b434a; padding-top:60px; padding-bottom:60px; text-align:left;'><div class=\"section_inner clearfix\"><div class='section_inner_margin clearfix'><div class=\"wpb_column vc_column_container vc_col-sm-6\"><div class=\"vc_column-inner\"><div class=\"wpb_wrapper\">\n\t<div class=\"wpb_text_column wpb_content_element\">\n\t\t<div class=\"wpb_wrapper\">\n\t\t\t<h2 style=\"text-align: left;\">Your experienced partner<\/h2>\n\n\t\t<\/div>\n\t<\/div>\n\t<div class=\"wpb_text_column wpb_content_element\">\n\t\t<div class=\"wpb_wrapper\">\n\t\t\t<p>Our extensive work experience in Estonia and neighboring countries allows us to assure you: we will find the answers to your specific questions.<\/p>\n\n\t\t<\/div>\n\t<\/div><\/div><\/div><\/div><div class=\"wpb_column vc_column_container vc_col-sm-6\"><div class=\"vc_column-inner\"><div class=\"wpb_wrapper\">\n\t<div class=\"wpb_single_image wpb_content_element vc_align_center  element_from_right\"><div style=\"-webkit-animation-delay:0.4s; animation-delay:0.4s; -webkit-transition-delay:0.4s; transition-delay:0.4s\">\n\t\t<div class=\"wpb_wrapper\">\n\t\t\t\n\t\t\t<div class=\"vc_single_image-wrapper   vc_box_border_grey\"><img loading=\"lazy\" decoding=\"async\" width=\"2560\" height=\"1707\" src=\"https:\/\/nordprojekt.ee\/wp-content\/uploads\/2025\/01\/DSC07942-3-scaled.jpg\" class=\"vc_single_image-img attachment-full\" alt=\"\" title=\"DSC07942-3\" srcset=\"https:\/\/nordprojekt.ee\/wp-content\/uploads\/2025\/01\/DSC07942-3-scaled.jpg 2560w, https:\/\/nordprojekt.ee\/wp-content\/uploads\/2025\/01\/DSC07942-3-300x200.jpg 300w, https:\/\/nordprojekt.ee\/wp-content\/uploads\/2025\/01\/DSC07942-3-768x512.jpg 768w, https:\/\/nordprojekt.ee\/wp-content\/uploads\/2025\/01\/DSC07942-3-1536x1024.jpg 1536w, https:\/\/nordprojekt.ee\/wp-content\/uploads\/2025\/01\/DSC07942-3-2048x1365.jpg 2048w, https:\/\/nordprojekt.ee\/wp-content\/uploads\/2025\/01\/DSC07942-3-18x12.jpg 18w, https:\/\/nordprojekt.ee\/wp-content\/uploads\/2025\/01\/DSC07942-3-700x467.jpg 700w\" sizes=\"auto, (max-width: 2560px) 100vw, 2560px\" \/><\/div>\n\t\t<\/div><\/div>\n\t<\/div>\n<\/div><\/div><\/div><\/div><\/div><\/div>\n<\/div>","protected":false},"excerpt":{"rendered":"Ettev\u00f5ttest Nord Projekt on juhtiv arhitektuuri- ja insenerib\u00fcroo. Pakume tipptasemel lahendusi ja terviklikku projekteerimisteenust, mis \u00fchendab loovuse, t\u00e4psuse ja kvaliteedi igas etapis. Meil t\u00f6\u00f6tab 18 spetsialisti, kes aitavad teil oma ideed realiseerida. Ratsionaalsus, loovus ja kvaliteet. XXI sajandi projekteerimisb\u00fcroona pakume me t\u00e4isteenuslahendusi, mis katavad kogu...","protected":false},"author":1,"featured_media":0,"parent":0,"menu_order":0,"comment_status":"open","ping_status":"closed","template":"full_width.php","meta":{"_themeisle_gutenberg_block_has_review":false,"footnotes":""},"class_list":["post-15042","page","type-page","status-publish","hentry"],"yoast_head":"<!-- This site is optimized with the Yoast SEO plugin v27.1.1 - https:\/\/yoast.com\/product\/yoast-seo-wordpress\/ -->\n<title>Ettev\u00f5ttest - Nordprojekt<\/title>\n<meta name=\"robots\" content=\"index, follow, max-snippet:-1, max-image-preview:large, max-video-preview:-1\" \/>\n<link rel=\"canonical\" href=\"https:\/\/nordprojekt.ee\/en\/about\/\" \/>\n<meta property=\"og:locale\" content=\"en_GB\" \/>\n<meta property=\"og:type\" content=\"article\" \/>\n<meta property=\"og:title\" content=\"Ettev\u00f5ttest - Nordprojekt\" \/>\n<meta property=\"og:url\" content=\"https:\/\/nordprojekt.ee\/en\/about\/\" \/>\n<meta property=\"og:site_name\" content=\"Nordprojekt\" \/>\n<meta property=\"article:publisher\" content=\"https:\/\/www.facebook.com\/NordProjektAs\/\" \/>\n<meta property=\"article:modified_time\" content=\"2025-01-29T10:20:57+00:00\" \/>\n<meta property=\"og:image\" content=\"https:\/\/nordprojekt.ee\/wp-content\/uploads\/2024\/05\/Nord-Projekt-featured-image.jpg\" \/>\n\t<meta property=\"og:image:width\" content=\"841\" \/>\n\t<meta property=\"og:image:height\" content=\"595\" \/>\n\t<meta property=\"og:image:type\" content=\"image\/jpeg\" \/>\n<meta name=\"twitter:card\" content=\"summary_large_image\" \/>\n<meta name=\"twitter:label1\" content=\"Estimated reading time\" \/>\n\t<meta name=\"twitter:data1\" content=\"3 minutes\" \/>\n<script type=\"application\/ld+json\" class=\"yoast-schema-graph\">{\"@context\":\"https:\/\/schema.org\",\"@graph\":[{\"@type\":\"WebPage\",\"@id\":\"https:\/\/nordprojekt.ee\/ettevottest\/\",\"url\":\"https:\/\/nordprojekt.ee\/ettevottest\/\",\"name\":\"Ettev\u00f5ttest - Nordprojekt\",\"isPartOf\":{\"@id\":\"https:\/\/nordprojekt.ee\/#website\"},\"datePublished\":\"2014-05-21T11:16:46+00:00\",\"dateModified\":\"2025-01-29T10:20:57+00:00\",\"breadcrumb\":{\"@id\":\"https:\/\/nordprojekt.ee\/ettevottest\/#breadcrumb\"},\"inLanguage\":\"en-GB\",\"potentialAction\":[{\"@type\":\"ReadAction\",\"target\":[\"https:\/\/nordprojekt.ee\/ettevottest\/\"]}]},{\"@type\":\"BreadcrumbList\",\"@id\":\"https:\/\/nordprojekt.ee\/ettevottest\/#breadcrumb\",\"itemListElement\":[{\"@type\":\"ListItem\",\"position\":1,\"name\":\"Home\",\"item\":\"https:\/\/nordprojekt.ee\/\"},{\"@type\":\"ListItem\",\"position\":2,\"name\":\"Ettev\u00f5ttest\"}]},{\"@type\":\"WebSite\",\"@id\":\"https:\/\/nordprojekt.ee\/#website\",\"url\":\"https:\/\/nordprojekt.ee\/\",\"name\":\"Nordprojekt\",\"description\":\"Parim partner projekteerimises\",\"publisher\":{\"@id\":\"https:\/\/nordprojekt.ee\/#organization\"},\"potentialAction\":[{\"@type\":\"SearchAction\",\"target\":{\"@type\":\"EntryPoint\",\"urlTemplate\":\"https:\/\/nordprojekt.ee\/?s={search_term_string}\"},\"query-input\":{\"@type\":\"PropertyValueSpecification\",\"valueRequired\":true,\"valueName\":\"search_term_string\"}}],\"inLanguage\":\"en-GB\"},{\"@type\":\"Organization\",\"@id\":\"https:\/\/nordprojekt.ee\/#organization\",\"name\":\"Nordprojekt\",\"url\":\"https:\/\/nordprojekt.ee\/\",\"logo\":{\"@type\":\"ImageObject\",\"inLanguage\":\"en-GB\",\"@id\":\"https:\/\/nordprojekt.ee\/#\/schema\/logo\/image\/\",\"url\":\"https:\/\/nordprojekt.ee\/wp-content\/uploads\/2024\/05\/Nord-Projekt-featured-image.jpg\",\"contentUrl\":\"https:\/\/nordprojekt.ee\/wp-content\/uploads\/2024\/05\/Nord-Projekt-featured-image.jpg\",\"width\":841,\"height\":595,\"caption\":\"Nordprojekt\"},\"image\":{\"@id\":\"https:\/\/nordprojekt.ee\/#\/schema\/logo\/image\/\"},\"sameAs\":[\"https:\/\/www.facebook.com\/NordProjektAs\/\",\"https:\/\/www.linkedin.com\/company\/nord-projekt-as\/\"]}]}<\/script>\n<!-- \/ Yoast SEO plugin. -->","yoast_head_json":{"title":"Ettev\u00f5ttest - Nordprojekt","robots":{"index":"index","follow":"follow","max-snippet":"max-snippet:-1","max-image-preview":"max-image-preview:large","max-video-preview":"max-video-preview:-1"},"canonical":"https:\/\/nordprojekt.ee\/en\/about\/","og_locale":"en_GB","og_type":"article","og_title":"Ettev\u00f5ttest - Nordprojekt","og_url":"https:\/\/nordprojekt.ee\/en\/about\/","og_site_name":"Nordprojekt","article_publisher":"https:\/\/www.facebook.com\/NordProjektAs\/","article_modified_time":"2025-01-29T10:20:57+00:00","og_image":[{"width":841,"height":595,"url":"https:\/\/nordprojekt.ee\/wp-content\/uploads\/2024\/05\/Nord-Projekt-featured-image.jpg","type":"image\/jpeg"}],"twitter_card":"summary_large_image","twitter_misc":{"Estimated reading time":"3 minutes"},"schema":{"@context":"https:\/\/schema.org","@graph":[{"@type":"WebPage","@id":"https:\/\/nordprojekt.ee\/ettevottest\/","url":"https:\/\/nordprojekt.ee\/ettevottest\/","name":"Ettev\u00f5ttest - Nordprojekt","isPartOf":{"@id":"https:\/\/nordprojekt.ee\/#website"},"datePublished":"2014-05-21T11:16:46+00:00","dateModified":"2025-01-29T10:20:57+00:00","breadcrumb":{"@id":"https:\/\/nordprojekt.ee\/ettevottest\/#breadcrumb"},"inLanguage":"en-GB","potentialAction":[{"@type":"ReadAction","target":["https:\/\/nordprojekt.ee\/ettevottest\/"]}]},{"@type":"BreadcrumbList","@id":"https:\/\/nordprojekt.ee\/ettevottest\/#breadcrumb","itemListElement":[{"@type":"ListItem","position":1,"name":"Home","item":"https:\/\/nordprojekt.ee\/"},{"@type":"ListItem","position":2,"name":"Ettev\u00f5ttest"}]},{"@type":"WebSite","@id":"https:\/\/nordprojekt.ee\/#website","url":"https:\/\/nordprojekt.ee\/","name":"Nordprojekt","description":"Parim partner projekteerimises","publisher":{"@id":"https:\/\/nordprojekt.ee\/#organization"},"potentialAction":[{"@type":"SearchAction","target":{"@type":"EntryPoint","urlTemplate":"https:\/\/nordprojekt.ee\/?s={search_term_string}"},"query-input":{"@type":"PropertyValueSpecification","valueRequired":true,"valueName":"search_term_string"}}],"inLanguage":"en-GB"},{"@type":"Organization","@id":"https:\/\/nordprojekt.ee\/#organization","name":"Nordprojekt","url":"https:\/\/nordprojekt.ee\/","logo":{"@type":"ImageObject","inLanguage":"en-GB","@id":"https:\/\/nordprojekt.ee\/#\/schema\/logo\/image\/","url":"https:\/\/nordprojekt.ee\/wp-content\/uploads\/2024\/05\/Nord-Projekt-featured-image.jpg","contentUrl":"https:\/\/nordprojekt.ee\/wp-content\/uploads\/2024\/05\/Nord-Projekt-featured-image.jpg","width":841,"height":595,"caption":"Nordprojekt"},"image":{"@id":"https:\/\/nordprojekt.ee\/#\/schema\/logo\/image\/"},"sameAs":["https:\/\/www.facebook.com\/NordProjektAs\/","https:\/\/www.linkedin.com\/company\/nord-projekt-as\/"]}]}},"_links":{"self":[{"href":"https:\/\/nordprojekt.ee\/en\/wp-json\/wp\/v2\/pages\/15042","targetHints":{"allow":["GET"]}}],"collection":[{"href":"https:\/\/nordprojekt.ee\/en\/wp-json\/wp\/v2\/pages"}],"about":[{"href":"https:\/\/nordprojekt.ee\/en\/wp-json\/wp\/v2\/types\/page"}],"author":[{"embeddable":true,"href":"https:\/\/nordprojekt.ee\/en\/wp-json\/wp\/v2\/users\/1"}],"replies":[{"embeddable":true,"href":"https:\/\/nordprojekt.ee\/en\/wp-json\/wp\/v2\/comments?post=15042"}],"version-history":[{"count":56,"href":"https:\/\/nordprojekt.ee\/en\/wp-json\/wp\/v2\/pages\/15042\/revisions"}],"predecessor-version":[{"id":16596,"href":"https:\/\/nordprojekt.ee\/en\/wp-json\/wp\/v2\/pages\/15042\/revisions\/16596"}],"wp:attachment":[{"href":"https:\/\/nordprojekt.ee\/en\/wp-json\/wp\/v2\/media?parent=15042"}],"curies":[{"name":"wp","href":"https:\/\/api.w.org\/{rel}","templated":true}]}}